{"id":46,"date":"2023-01-20T08:56:10","date_gmt":"2023-01-20T07:56:10","guid":{"rendered":"https:\/\/prelom-poradenstvo.sk\/?page_id=46"},"modified":"2026-03-22T21:35:05","modified_gmt":"2026-03-22T20:35:05","slug":"sluzby","status":"publish","type":"page","link":"https:\/\/prelom-poradenstvo.sk\/?page_id=46","title":{"rendered":"Slu\u017eby"},"content":{"rendered":"\n<p class=\"has-text-align-left has-large-font-size\">Osobn\u00e9 poradenstvo Prelom je pre <strong>deti, teens aj dospel\u00fdch, najm\u00e4 pre t\u00fdch, \u010do maj\u00fa vlastn\u00fa hlavu a chc\u00fa \u00eds\u0165 vlastnou cestou<\/strong>. Vyber si, ktor\u00e1 forma poradenstva je pre Teba vhodn\u00e1:<\/p>\n\n\n\n<div style=\"height:30px\" aria-hidden=\"true\" class=\"wp-block-spacer\"><\/div>\n\n\n\n<div class=\"wp-block-columns is-layout-flex wp-container-core-columns-is-layout-28f84493 wp-block-columns-is-layout-flex\">\n<div class=\"wp-block-column is-vertically-aligned-center is-layout-flow wp-block-column-is-layout-flow\" style=\"flex-basis:33.33%\">\n<figure class=\"wp-block-image aligncenter size-large is-resized\"><img loading=\"lazy\" decoding=\"async\" width=\"819\" height=\"1024\" src=\"https:\/\/prelom-poradenstvo.sk\/wp-content\/uploads\/2025\/12\/22-819x1024.png\" alt=\"\" class=\"wp-image-550\" style=\"width:100px\" srcset=\"https:\/\/prelom-poradenstvo.sk\/wp-content\/uploads\/2025\/12\/22-819x1024.png 819w, https:\/\/prelom-poradenstvo.sk\/wp-content\/uploads\/2025\/12\/22-240x300.png 240w, https:\/\/prelom-poradenstvo.sk\/wp-content\/uploads\/2025\/12\/22-768x960.png 768w, https:\/\/prelom-poradenstvo.sk\/wp-content\/uploads\/2025\/12\/22.png 1080w\" sizes=\"auto, (max-width: 819px) 100vw, 819px\" \/><\/figure>\n\n\n\n<p class=\"has-text-align-center\" style=\"font-style:normal;font-weight:500\">individu\u00e1lne poradenstvo pre dospel\u00fdch<\/p>\n<\/div>\n\n\n\n<div class=\"wp-block-column is-vertically-aligned-center is-layout-flow wp-block-column-is-layout-flow\" style=\"flex-basis:66.66%\">\n<div class=\"wp-block-group has-accent-3-background-color has-background has-global-padding is-content-justification-left is-layout-constrained wp-container-core-group-is-layout-c1cd3b84 wp-block-group-is-layout-constrained\" style=\"padding-top:var(--wp--preset--spacing--30);padding-right:var(--wp--preset--spacing--30);padding-bottom:var(--wp--preset--spacing--30);padding-left:var(--wp--preset--spacing--30)\">\n<p class=\"has-medium-font-size\">Poradenstvo pre dospel\u00fdch prebieha s re\u0161pektom k individu\u00e1lnym \u017eivotn\u00fdm dr\u00e1ham a presved\u010deniam. Sprev\u00e1dzam tak, aby ka\u017ed\u00fd \u010dlovek na\u0161iel to najlep\u0161ie pr\u00e1ve pre neho\/ju\/ich. Spolo\u010dne pomenujeme k\u013e\u00fa\u010dov\u00e9 t\u00e9my, ktor\u00fdm sa budeme venova\u0165 a dohodneme si pl\u00e1n spolupr\u00e1ce. Pre dobr\u00fd v\u00fdsledok je treba sedenia opakova\u0165 ka\u017ed\u00fd t\u00fd\u017ede\u0148, po dobu aspo\u0148 pol roka. Moje poradenstvo m\u00e1 z\u00e1klad v nedirekt\u00edvnej tzv. rogeri\u00e1nskej filozofii, vyu\u017e\u00edvam prvky hry a tvorivosti.<\/p>\n<\/div>\n<\/div>\n<\/div>\n\n\n\n<div style=\"height:30px\" aria-hidden=\"true\" class=\"wp-block-spacer\"><\/div>\n\n\n\n<div class=\"wp-block-columns is-layout-flex wp-container-core-columns-is-layout-28f84493 wp-block-columns-is-layout-flex\">\n<div class=\"wp-block-column is-vertically-aligned-center is-layout-flow wp-block-column-is-layout-flow\" style=\"flex-basis:33.33%\">\n<figure class=\"wp-block-image aligncenter size-large is-resized\"><img loading=\"lazy\" decoding=\"async\" width=\"819\" height=\"1024\" src=\"https:\/\/prelom-poradenstvo.sk\/wp-content\/uploads\/2025\/12\/2-819x1024.png\" alt=\"\" class=\"wp-image-241\" style=\"width:100px\" srcset=\"https:\/\/prelom-poradenstvo.sk\/wp-content\/uploads\/2025\/12\/2-819x1024.png 819w, https:\/\/prelom-poradenstvo.sk\/wp-content\/uploads\/2025\/12\/2-240x300.png 240w, https:\/\/prelom-poradenstvo.sk\/wp-content\/uploads\/2025\/12\/2-768x960.png 768w, https:\/\/prelom-poradenstvo.sk\/wp-content\/uploads\/2025\/12\/2.png 1080w\" sizes=\"auto, (max-width: 819px) 100vw, 819px\" \/><\/figure>\n\n\n\n<p class=\"has-text-align-center\" style=\"font-style:normal;font-weight:500\"><strong>individu\u00e1lne poradenstvo pre teens a mlad\u00fdch dospel\u00fdch<\/strong><\/p>\n<\/div>\n\n\n\n<div class=\"wp-block-column is-vertically-aligned-center is-layout-flow wp-block-column-is-layout-flow\" style=\"flex-basis:66.66%\">\n<div class=\"wp-block-group has-accent-2-background-color has-background has-global-padding is-content-justification-left is-layout-constrained wp-container-core-group-is-layout-c1cd3b84 wp-block-group-is-layout-constrained\" style=\"padding-top:var(--wp--preset--spacing--30);padding-right:var(--wp--preset--spacing--30);padding-bottom:var(--wp--preset--spacing--30);padding-left:var(--wp--preset--spacing--30)\">\n<p class=\"has-medium-font-size\">Pre t\u00edned\u017eerov a mlad\u00fdch dospel\u00fdch je d\u00f4le\u017eit\u00e9 hlavne sebapozn\u00e1vanie a orient\u00e1cia vo svete vz\u0165ahov, nedirekt\u00edvnym sp\u00f4sobom, s re\u0161pektom k individualite, neurodiverzite a lgbti+. Venujeme pln\u00fa pozornos\u0165 h\u013eadaniu seba a toho, \u010do chceme a vieme zmeni\u0165. V spolupr\u00e1ci s rodi\u010dom vieme h\u013eada\u0165 cestu zlep\u0161enia vz\u00e1jomn\u00e9ho vz\u0165ahu a komunik\u00e1cie. Vzh\u013eadom na roky str\u00e1ven\u00e9 na poz\u00edcii \u0161kolskej psychologi\u010dky, porad\u00edm aj s probl\u00e9mami v \u0161kole a pom\u00f4\u017eem pri h\u013eadan\u00ed strednej \u0161koly.<\/p>\n<\/div>\n<\/div>\n<\/div>\n\n\n\n<div style=\"height:30px\" aria-hidden=\"true\" class=\"wp-block-spacer\"><\/div>\n\n\n\n<div class=\"wp-block-columns is-layout-flex wp-container-core-columns-is-layout-28f84493 wp-block-columns-is-layout-flex\">\n<div class=\"wp-block-column is-vertically-aligned-center is-layout-flow wp-block-column-is-layout-flow\" style=\"flex-basis:33.33%\">\n<figure class=\"wp-block-image aligncenter size-large is-resized\"><img loading=\"lazy\" decoding=\"async\" width=\"819\" height=\"1024\" src=\"https:\/\/prelom-poradenstvo.sk\/wp-content\/uploads\/2025\/12\/21-819x1024.png\" alt=\"\" class=\"wp-image-551\" style=\"width:100px\" srcset=\"https:\/\/prelom-poradenstvo.sk\/wp-content\/uploads\/2025\/12\/21-819x1024.png 819w, https:\/\/prelom-poradenstvo.sk\/wp-content\/uploads\/2025\/12\/21-240x300.png 240w, https:\/\/prelom-poradenstvo.sk\/wp-content\/uploads\/2025\/12\/21-768x960.png 768w, https:\/\/prelom-poradenstvo.sk\/wp-content\/uploads\/2025\/12\/21.png 1080w\" sizes=\"auto, (max-width: 819px) 100vw, 819px\" \/><\/figure>\n\n\n\n<p class=\"has-text-align-center\" style=\"font-style:normal;font-weight:500\"><strong><strong>detsk\u00e9 poradenstvo formou terapie hrou<\/strong><\/strong><\/p>\n<\/div>\n\n\n\n<div class=\"wp-block-column is-vertically-aligned-center is-layout-flow wp-block-column-is-layout-flow\" style=\"flex-basis:66.66%\">\n<div class=\"wp-block-group has-accent-1-background-color has-background has-global-padding is-content-justification-left is-layout-constrained wp-container-core-group-is-layout-c1cd3b84 wp-block-group-is-layout-constrained\" style=\"padding-top:var(--wp--preset--spacing--30);padding-right:var(--wp--preset--spacing--30);padding-bottom:var(--wp--preset--spacing--30);padding-left:var(--wp--preset--spacing--30)\">\n<p class=\"has-medium-font-size\">Detsk\u00e9 poradenstvo prebieha najm\u00e4 pomocou terapie hrou. Ak m\u00e1te z\u00e1ujem o poradenstvo pre die\u0165a, je potrebn\u00e9 najprv absolvova\u0165 prv\u00e9 stretnutie iba s rodi\u010dom alebo rodi\u010dmi, aby sme sa mohli otvorene porozpr\u00e1va\u0165 a dohodn\u00fa\u0165 spolupr\u00e1cu. Venujem sa r\u00f4znorod\u00fdm de\u0165om: na spektre autizmu, de\u0165om, ktor\u00e9 prejavia \u0165a\u017ekosti so zvl\u00e1dan\u00edm em\u00f3ci\u00ed, so spolupr\u00e1cou, alebo maj\u00fa za sebou traumatick\u00e9 udalosti. Deti nepova\u017eujem za zl\u00e9, ani neposlu\u0161n\u00e9 &#8211; svoj\u00edm spr\u00e1van\u00edm komunikuj\u00fa \u0165a\u017ekosti na hlb\u0161ej \u00farovni a k nim sa spolo\u010dne dopracujeme. <\/p>\n<\/div>\n<\/div>\n<\/div>\n\n\n\n<div style=\"height:30px\" aria-hidden=\"true\" class=\"wp-block-spacer\"><\/div>\n\n\n\n<div class=\"wp-block-columns is-layout-flex wp-container-core-columns-is-layout-28f84493 wp-block-columns-is-layout-flex\">\n<div class=\"wp-block-column is-vertically-aligned-center is-layout-flow wp-block-column-is-layout-flow\" style=\"flex-basis:33.33%\">\n<figure class=\"wp-block-image aligncenter size-large is-resized\"><img loading=\"lazy\" decoding=\"async\" width=\"819\" height=\"1024\" src=\"https:\/\/prelom-poradenstvo.sk\/wp-content\/uploads\/2025\/12\/25-819x1024.png\" alt=\"\" class=\"wp-image-553\" style=\"width:100px\" srcset=\"https:\/\/prelom-poradenstvo.sk\/wp-content\/uploads\/2025\/12\/25-819x1024.png 819w, https:\/\/prelom-poradenstvo.sk\/wp-content\/uploads\/2025\/12\/25-240x300.png 240w, https:\/\/prelom-poradenstvo.sk\/wp-content\/uploads\/2025\/12\/25-768x960.png 768w, https:\/\/prelom-poradenstvo.sk\/wp-content\/uploads\/2025\/12\/25.png 1080w\" sizes=\"auto, (max-width: 819px) 100vw, 819px\" \/><\/figure>\n\n\n\n<p class=\"has-text-align-center\" style=\"font-style:normal;font-weight:500\"><strong><strong><strong>poradenstvo pre rodinu: fili\u00e1lna terapia<\/strong><\/strong><\/strong><\/p>\n<\/div>\n\n\n\n<div class=\"wp-block-column is-vertically-aligned-center is-layout-flow wp-block-column-is-layout-flow\" style=\"flex-basis:66.66%\">\n<div class=\"wp-block-group has-accent-5-background-color has-background has-global-padding is-content-justification-left is-layout-constrained wp-container-core-group-is-layout-c1cd3b84 wp-block-group-is-layout-constrained\" style=\"padding-top:var(--wp--preset--spacing--30);padding-right:var(--wp--preset--spacing--30);padding-bottom:var(--wp--preset--spacing--30);padding-left:var(--wp--preset--spacing--30)\">\n<p class=\"has-medium-font-size\">Fili\u00e1lna terapia je o zlep\u0161en\u00ed vz\u0165ahu a komunik\u00e1cie medzi rodi\u010dom a die\u0165a\u0165om. Pozost\u00e1va z desiatich stretnut\u00ed s rodi\u010dom, bez die\u0165a\u0165a. Po\u010das desiatich t\u00fd\u017ed\u0148ov sa rodi\u010d nau\u010d\u00ed lep\u0161ie rozumie\u0165 svojmu die\u0165a\u0165u, efekt\u00edvnej\u0161ie komunikova\u0165 svoje po\u017eiadavky a zad\u00e1va\u0165 hranice tak, aby sa die\u0165a c\u00edtilo po\u010dut\u00e9 a vn\u00edman\u00e9 a nau\u010dilo sa samo regulova\u0165 svoje spr\u00e1vanie. Navigujem rodi\u010da v pravidelnej hravej polhodinke, v pr\u00edpadne teens, ku kreat\u00edvnej tri\u0161tvrte hodine.<\/p>\n<\/div>\n<\/div>\n<\/div>\n\n\n\n<div style=\"height:30px\" aria-hidden=\"true\" class=\"wp-block-spacer\"><\/div>\n\n\n\n<figure class=\"wp-block-table is-style-regular has-medium-font-size\"><table class=\"has-base-background-color has-background has-border-color has-accent-6-border-color has-fixed-layout\" style=\"border-width:2px\"><tbody><tr><td class=\"has-text-align-center\" data-align=\"center\"><strong><mark style=\"background-color:#c1ff72\" class=\"has-inline-color\">druh poradenstva<\/mark><\/strong><\/td><td class=\"has-text-align-center\" data-align=\"center\"><mark style=\"background-color:#c1ff72\" class=\"has-inline-color\"><strong>cena<\/strong> <strong>za poradenstvo<\/strong><\/mark><\/td><td class=\"has-text-align-center\" data-align=\"center\"><strong><mark style=\"background-color:#c1ff72\" class=\"has-inline-color\">poradenstvo v angli\u010dtine<\/mark><\/strong><\/td><\/tr><tr><td class=\"has-text-align-center\" data-align=\"center\">individu\u00e1lne poradenstvo<\/td><td class=\"has-text-align-center\" data-align=\"center\">50\u20ac za 50 min\u00fat<\/td><td class=\"has-text-align-center\" data-align=\"center\">60\u20ac za 50 min\u00fat<\/td><\/tr><tr><td class=\"has-text-align-center\" data-align=\"center\">individu\u00e1lne poradenstvo formou terapie hrou<\/td><td class=\"has-text-align-center\" data-align=\"center\">50\u20ac za 45 min\u00fat<\/td><td class=\"has-text-align-center\" data-align=\"center\">60\u20ac za 45 min\u00fat<\/td><\/tr><tr><td class=\"has-text-align-center\" data-align=\"center\">individu\u00e1lna fili\u00e1lna terapia<\/td><td class=\"has-text-align-center\" data-align=\"center\">50 \u20ac za 60 min\u00fat<\/td><td class=\"has-text-align-center\" data-align=\"center\"><\/td><\/tr><tr><td class=\"has-text-align-center\" data-align=\"center\">p\u00e1rov\u00e1 fili\u00e1lna terapia<\/td><td class=\"has-text-align-center\" data-align=\"center\">60 \u20ac za 60 min\u00fat<\/td><td class=\"has-text-align-center\" data-align=\"center\"><\/td><\/tr><tr><td class=\"has-text-align-center\" data-align=\"center\">skupinov\u00e1 fili\u00e1lna terapia<\/td><td class=\"has-text-align-center\" data-align=\"center\">55 \u20ac za 90 &#8211; 120 min\u00fat<\/td><td class=\"has-text-align-center\" data-align=\"center\"><\/td><\/tr><\/tbody><\/table><\/figure>\n\n\n\n<div style=\"height:var(--wp--preset--spacing--50)\" aria-hidden=\"true\" class=\"wp-block-spacer\"><\/div>\n\n\n\n<div class=\"wp-block-columns is-layout-flex wp-container-core-columns-is-layout-28f84493 wp-block-columns-is-layout-flex\">\n<div class=\"wp-block-column is-vertically-aligned-center is-layout-flow wp-block-column-is-layout-flow\" style=\"flex-basis:33.33%\">\n<figure class=\"wp-block-image aligncenter size-large is-resized\"><img loading=\"lazy\" decoding=\"async\" width=\"819\" height=\"1024\" src=\"https:\/\/prelom-poradenstvo.sk\/wp-content\/uploads\/2025\/12\/2-819x1024.png\" alt=\"\" class=\"wp-image-241\" style=\"width:100px\" srcset=\"https:\/\/prelom-poradenstvo.sk\/wp-content\/uploads\/2025\/12\/2-819x1024.png 819w, https:\/\/prelom-poradenstvo.sk\/wp-content\/uploads\/2025\/12\/2-240x300.png 240w, https:\/\/prelom-poradenstvo.sk\/wp-content\/uploads\/2025\/12\/2-768x960.png 768w, https:\/\/prelom-poradenstvo.sk\/wp-content\/uploads\/2025\/12\/2.png 1080w\" sizes=\"auto, (max-width: 819px) 100vw, 819px\" \/><\/figure>\n\n\n\n<p class=\"has-text-align-center\" style=\"font-style:normal;font-weight:500\"><strong>kou\u010ding<\/strong><\/p>\n<\/div>\n\n\n\n<div class=\"wp-block-column is-vertically-aligned-center is-layout-flow wp-block-column-is-layout-flow\" style=\"flex-basis:66.66%\">\n<div class=\"wp-block-group has-accent-2-background-color has-background has-global-padding is-content-justification-left is-layout-constrained wp-container-core-group-is-layout-c1cd3b84 wp-block-group-is-layout-constrained\" style=\"padding-top:var(--wp--preset--spacing--30);padding-right:var(--wp--preset--spacing--30);padding-bottom:var(--wp--preset--spacing--30);padding-left:var(--wp--preset--spacing--30)\">\n<p class=\"has-medium-font-size\">Kou\u010ding pon\u00fakam \u013eu\u010fom od 15 rokov, ktor\u00ed u\u017e maj\u00fa predstavu o svojom \u017eivote a cie\u013eoch, ktor\u00e9 by chceli dosiahnu\u0165. Ak h\u013ead\u00e1\u0161 sp\u00f4sob, ako dosiahnu\u0165 svoje ciele, chce\u0161 si urobi\u0165 jasno v tom, ak\u00fdm smerom sa vyda\u0165, tak je pre Teba vhodnej\u0161\u00ed kou\u010ding ako poradenstvo. U m\u0148a je kou\u010ding v\u017edy postaven\u00fd na \u00faplnom re\u0161pekte Tvojich hodn\u00f4t a \u017eivotn\u00fdch rozhodnut\u00ed, nie na tom, \u010do sa od Teba o\u010dak\u00e1va alebo \u010do by sa p\u00e1\u010dilo niekomu in\u00e9mu. Spolo\u010dne nastav\u00edme ciele a budeme pracova\u0165 na ich naplnen\u00ed, na Tvojom bud\u00facom ja.<\/p>\n<\/div>\n<\/div>\n<\/div>\n\n\n\n<div style=\"height:var(--wp--preset--spacing--50)\" aria-hidden=\"true\" class=\"wp-block-spacer\"><\/div>\n\n\n\n<figure class=\"wp-block-table is-style-regular has-medium-font-size\"><table class=\"has-base-background-color has-background has-border-color has-accent-6-border-color has-fixed-layout\" style=\"border-width:2px\"><tbody><tr><td class=\"has-text-align-center\" data-align=\"center\"><strong><mark style=\"background-color:#c1ff72\" class=\"has-inline-color\">kou\u010ding<\/mark><\/strong><\/td><td class=\"has-text-align-center\" data-align=\"center\"><mark style=\"background-color:#c1ff72\" class=\"has-inline-color\"><strong>prv\u00e9 stretnutie<\/strong><\/mark><\/td><td class=\"has-text-align-center\" data-align=\"center\"><strong><mark style=\"background-color:#c1ff72\" class=\"has-inline-color\">\u010fal\u0161ie stretnutia<\/mark><\/strong><\/td><\/tr><tr><td class=\"has-text-align-center\" data-align=\"center\">do apr\u00edla<\/td><td class=\"has-text-align-center\" data-align=\"center\">40\u20ac za 90 min\u00fat<\/td><td class=\"has-text-align-center\" data-align=\"center\">40\u20ac za 50 min\u00fat<\/td><\/tr><tr><td class=\"has-text-align-center\" data-align=\"center\">od m\u00e1ja<\/td><td class=\"has-text-align-center\" data-align=\"center\">70\u20ac za 90 min\u00fat<\/td><td class=\"has-text-align-center\" data-align=\"center\">60\u20ac za 50 min\u00fat<\/td><\/tr><\/tbody><\/table><\/figure>\n\n\n\n<div style=\"height:37px\" aria-hidden=\"true\" class=\"wp-block-spacer\"><\/div>\n\n\n\n<p class=\"has-text-align-center has-medium-font-size\">Nie som poskytovate\u013eom zdravotnej starostlivosti pod\u013ea z\u00e1kona \u010d. 578\/2004 Z.z. Pon\u00fakan\u00e9 slu\u017eby nenahr\u00e1dzaj\u00fa zdravotn\u00fa starostlivos\u0165 v zdravotn\u00edckom zariaden\u00ed.&nbsp;Slu\u017eby nie s\u00fa hraden\u00e9 zo zdravotn\u00e9ho poistenia. Nepotrebujete doporu\u010denie od lek\u00e1ra. <a href=\"https:\/\/prelom-poradenstvo.sk\/?p=538\">Tu <\/a>n\u00e1jdete prehl\u00e1senie o spracovan\u00ed osobn\u00fdch \u00fadajov.<\/p>\n\n\n\n<div style=\"height:100px\" aria-hidden=\"true\" class=\"wp-block-spacer\"><\/div>\n\n\n\n<p><\/p>\n","protected":false},"excerpt":{"rendered":"<p>Osobn\u00e9 poradenstvo Prelom je pre deti, teens aj dospel\u00fdch, najm\u00e4 pre t\u00fdch, \u010do maj\u00fa vlastn\u00fa hlavu a chc\u00fa \u00eds\u0165 vlastnou cestou. Vyber si, ktor\u00e1 forma poradenstva je pre Teba vhodn\u00e1: individu\u00e1lne poradenstvo pre dospel\u00fdch Poradenstvo pre dospel\u00fdch prebieha s re\u0161pektom k individu\u00e1lnym \u017eivotn\u00fdm dr\u00e1ham a presved\u010deniam. Sprev\u00e1dzam tak, aby ka\u017ed\u00fd \u010dlovek na\u0161iel to najlep\u0161ie pr\u00e1ve [&hellip;]<\/p>\n","protected":false},"author":1,"featured_media":0,"parent":0,"menu_order":0,"comment_status":"closed","ping_status":"closed","template":"","meta":{"footnotes":""},"class_list":["post-46","page","type-page","status-publish","hentry"],"aioseo_notices":[],"_links":{"self":[{"href":"https:\/\/prelom-poradenstvo.sk\/index.php?rest_route=\/wp\/v2\/pages\/46","targetHints":{"allow":["GET"]}}],"collection":[{"href":"https:\/\/prelom-poradenstvo.sk\/index.php?rest_route=\/wp\/v2\/pages"}],"about":[{"href":"https:\/\/prelom-poradenstvo.sk\/index.php?rest_route=\/wp\/v2\/types\/page"}],"author":[{"embeddable":true,"href":"https:\/\/prelom-poradenstvo.sk\/index.php?rest_route=\/wp\/v2\/users\/1"}],"replies":[{"embeddable":true,"href":"https:\/\/prelom-poradenstvo.sk\/index.php?rest_route=%2Fwp%2Fv2%2Fcomments&post=46"}],"version-history":[{"count":68,"href":"https:\/\/prelom-poradenstvo.sk\/index.php?rest_route=\/wp\/v2\/pages\/46\/revisions"}],"predecessor-version":[{"id":642,"href":"https:\/\/prelom-poradenstvo.sk\/index.php?rest_route=\/wp\/v2\/pages\/46\/revisions\/642"}],"wp:attachment":[{"href":"https:\/\/prelom-poradenstvo.sk\/index.php?rest_route=%2Fwp%2Fv2%2Fmedia&parent=46"}],"curies":[{"name":"wp","href":"https:\/\/api.w.org\/{rel}","templated":true}]}}